{"id":158,"date":"2021-12-28T19:26:44","date_gmt":"2021-12-28T19:26:44","guid":{"rendered":"https:\/\/bergstrom.guru\/?page_id=158"},"modified":"2022-01-30T13:03:24","modified_gmt":"2022-01-30T13:03:24","slug":"hjemmekontor","status":"publish","type":"page","link":"https:\/\/bergstrom.guru\/index.php\/hjemmekontor\/","title":{"rendered":"Hjemmekontor"},"content":{"rendered":"\n\n\n<figure class=\"wp-block-image size-large\"><a href=\"https:\/\/i0.wp.com\/bergstrom.guru\/wp-content\/uploads\/2021\/12\/Bilde1.png?ssl=1\"><img data-recalc-dims=\"1\" loading=\"lazy\" decoding=\"async\" width=\"812\" height=\"206\" data-attachment-id=\"163\" data-permalink=\"https:\/\/bergstrom.guru\/index.php\/hjemmekontor\/bilde1\/\" data-orig-file=\"https:\/\/i0.wp.com\/bergstrom.guru\/wp-content\/uploads\/2021\/12\/Bilde1.png?fit=1912%2C486&amp;ssl=1\" data-orig-size=\"1912,486\" data-comments-opened=\"1\" data-image-meta=\"{&quot;aperture&quot;:&quot;0&quot;,&quot;credit&quot;:&quot;&quot;,&quot;camera&quot;:&quot;&quot;,&quot;caption&quot;:&quot;&quot;,&quot;created_timestamp&quot;:&quot;0&quot;,&quot;copyright&quot;:&quot;&quot;,&quot;focal_length&quot;:&quot;0&quot;,&quot;iso&quot;:&quot;0&quot;,&quot;shutter_speed&quot;:&quot;0&quot;,&quot;title&quot;:&quot;&quot;,&quot;orientation&quot;:&quot;0&quot;}\" data-image-title=\"Bilde1\" data-image-description=\"\" data-image-caption=\"\" data-medium-file=\"https:\/\/i0.wp.com\/bergstrom.guru\/wp-content\/uploads\/2021\/12\/Bilde1.png?fit=300%2C76&amp;ssl=1\" data-large-file=\"https:\/\/i0.wp.com\/bergstrom.guru\/wp-content\/uploads\/2021\/12\/Bilde1.png?fit=812%2C206&amp;ssl=1\" src=\"https:\/\/i0.wp.com\/bergstrom.guru\/wp-content\/uploads\/2021\/12\/Bilde1.png?resize=812%2C206&#038;ssl=1\" alt=\"\" class=\"wp-image-163\" srcset=\"https:\/\/i0.wp.com\/bergstrom.guru\/wp-content\/uploads\/2021\/12\/Bilde1.png?resize=1024%2C260&amp;ssl=1 1024w, https:\/\/i0.wp.com\/bergstrom.guru\/wp-content\/uploads\/2021\/12\/Bilde1.png?resize=300%2C76&amp;ssl=1 300w, https:\/\/i0.wp.com\/bergstrom.guru\/wp-content\/uploads\/2021\/12\/Bilde1.png?resize=768%2C195&amp;ssl=1 768w, https:\/\/i0.wp.com\/bergstrom.guru\/wp-content\/uploads\/2021\/12\/Bilde1.png?resize=1536%2C390&amp;ssl=1 1536w, https:\/\/i0.wp.com\/bergstrom.guru\/wp-content\/uploads\/2021\/12\/Bilde1.png?w=1912&amp;ssl=1 1912w, https:\/\/i0.wp.com\/bergstrom.guru\/wp-content\/uploads\/2021\/12\/Bilde1.png?w=1624&amp;ssl=1 1624w\" sizes=\"auto, (max-width: 812px) 100vw, 812px\" \/><\/a><\/figure>\n\n\n\n<h2 class=\"wp-block-heading\" id=\"bli-bedre-pa-digital-kommunikasjon-fra-hjemmekontoret\"><strong><span style=\"color:#0693e3\" class=\"tadv-color\">Bli bedre p\u00e5 digital kommunikasjon fra hjemmekontoret!<\/span><\/strong><\/h2>\n\n\n\n<p><em>Velkommen til \u00e5 f\u00f8lge mine kurs for \u00e5 bli bedre p\u00e5 videokonferanse, foredrag og hjemmekontor. L\u00e6r mer om de ulike l\u00f8sningene som finnes og spesielt hvordan du g\u00e5r fra de enkle l\u00f8sningene til \u00e5 bli mer avansert og kan holde foredrag eller webinar over nett hvor du kombinerer bilder og lyd fra ulike kilder.<\/em><\/p>\n\n\n\n<ul class=\"wp-block-list\"><li><em>L\u00e6r deg triksene for at et videom\u00f8te skal fungere best mulig<\/em><\/li><li><em>L\u00e6r deg \u00e5 holde digitale foredrag og m\u00f8ter med bilder og presentasjoner som engasjerer tilh\u00f8rerne!<\/em><\/li><\/ul>\n\n\n\n<p>Jeg har hatt hjemmekontorl\u00f8sning i ulike jobbsituasjoner i over 20 \u00e5r. Pandemien f\u00f8rte til at nesten alle n\u00e5 sitter p\u00e5 hjemmekontor i digitale m\u00f8ter eller skal holde digitale foredrag eller presentasjoner. Arbeidslivet i framtiden kommer til \u00e5 bli endret og hjemmekontor har kommet for \u00e5 bli.<\/p>\n\n\n\n<p>Skal du ha digitalt hjemmekontor m\u00e5 du bli trygg p\u00e5 de l\u00f8sningene du har og beherske teknologien p\u00e5 best mulige m\u00e5te. Jeg ser mye pr\u00f8ving og feiling og mange d\u00e5rlige l\u00f8sninger som f\u00f8rer til at m\u00f8tene ikke blir s\u00e5 bra som de kunne.<\/p>\n\n\n\n<p>Gjennom mine 20 \u00e5r med hjemmekontor har jeg f\u00e5tt en del praksis og erfaring som jeg kan tenke meg \u00e5 dele med andre. Kurset er beregnet for dere som er i jobb og som kanskje har g\u00e5tt litt lei av hjemmekontor, kanskje sliter litt med teknologien eller som gjerne vil l\u00e6re seg de lure triksene for \u00e5 bli bedre.<\/p>\n\n\n\n<p>Her kan du lese min artikkel om 20 m\u00e5ter \u00e5 ha videokonferanse p\u00e5: <a href=\"https:\/\/www.linkedin.com\/pulse\/oversikt-over-videokonferansemuligheter-roald-bergstrom\/\" target=\"_blank\"  rel=\"nofollow\" >https:\/\/www.linkedin.com\/pulse\/oversikt-over-videokonferansemuligheter-roald-bergstrom\/<\/a><\/p>\n\n\n\n<p><\/p>\n\n\n\n<figure class=\"wp-block-image size-large\"><a href=\"https:\/\/i0.wp.com\/bergstrom.guru\/wp-content\/uploads\/2022\/01\/videokonferanse.jpg?ssl=1\"><img data-recalc-dims=\"1\" loading=\"lazy\" decoding=\"async\" width=\"812\" height=\"542\" data-attachment-id=\"188\" data-permalink=\"https:\/\/bergstrom.guru\/index.php\/hjemmekontor\/videokonferanse\/\" data-orig-file=\"https:\/\/i0.wp.com\/bergstrom.guru\/wp-content\/uploads\/2022\/01\/videokonferanse.jpg?fit=1080%2C720&amp;ssl=1\" data-orig-size=\"1080,720\" data-comments-opened=\"1\" data-image-meta=\"{&quot;aperture&quot;:&quot;0&quot;,&quot;credit&quot;:&quot;&quot;,&quot;camera&quot;:&quot;&quot;,&quot;caption&quot;:&quot;&quot;,&quot;created_timestamp&quot;:&quot;0&quot;,&quot;copyright&quot;:&quot;&quot;,&quot;focal_length&quot;:&quot;0&quot;,&quot;iso&quot;:&quot;0&quot;,&quot;shutter_speed&quot;:&quot;0&quot;,&quot;title&quot;:&quot;&quot;,&quot;orientation&quot;:&quot;0&quot;}\" data-image-title=\"videokonferanse\" data-image-description=\"\" data-image-caption=\"\" data-medium-file=\"https:\/\/i0.wp.com\/bergstrom.guru\/wp-content\/uploads\/2022\/01\/videokonferanse.jpg?fit=300%2C200&amp;ssl=1\" data-large-file=\"https:\/\/i0.wp.com\/bergstrom.guru\/wp-content\/uploads\/2022\/01\/videokonferanse.jpg?fit=812%2C542&amp;ssl=1\" src=\"https:\/\/i0.wp.com\/bergstrom.guru\/wp-content\/uploads\/2022\/01\/videokonferanse.jpg?resize=812%2C542&#038;ssl=1\" alt=\"\" class=\"wp-image-188\" srcset=\"https:\/\/i0.wp.com\/bergstrom.guru\/wp-content\/uploads\/2022\/01\/videokonferanse.jpg?resize=1024%2C683&amp;ssl=1 1024w, https:\/\/i0.wp.com\/bergstrom.guru\/wp-content\/uploads\/2022\/01\/videokonferanse.jpg?resize=300%2C200&amp;ssl=1 300w, https:\/\/i0.wp.com\/bergstrom.guru\/wp-content\/uploads\/2022\/01\/videokonferanse.jpg?resize=768%2C512&amp;ssl=1 768w, https:\/\/i0.wp.com\/bergstrom.guru\/wp-content\/uploads\/2022\/01\/videokonferanse.jpg?w=1080&amp;ssl=1 1080w\" sizes=\"auto, (max-width: 812px) 100vw, 812px\" \/><\/a><\/figure>\n\n\n\n<p><strong><em>I kursserien jeg tilbyr vil du l\u00e6re f\u00f8lgende:<\/em><\/strong><\/p>\n\n\n\n<p class=\"has-white-color has-vivid-cyan-blue-background-color has-text-color has-background has-medium-font-size\"><strong>Hvordan holder et beste mulig videom\u00f8te? <\/strong><\/p>\n\n\n\n<p>\u00b7&nbsp;Gjennomgang av de viktigste videokonferansesystemene inklusive Zoom, Teams, Google Meet, Whereby og WebEx<\/p>\n\n\n\n<p>\u00b7&nbsp;Hva er fordeler, ulemper og bruksomr\u00e5de for de ulike l\u00f8sningene?<\/p>\n\n\n\n<p>\u00b7&nbsp;Gode tips til \u00e5 f\u00e5 hjemmekontoret til \u00e5 fungere godt<\/p>\n\n\n\n<p>\u00b7&nbsp;Oppsett, omgivelser, webkamera.<\/p>\n\n\n\n<p>\u00b7&nbsp;Bruk av mobilkamera, videokamera eller speilreflekskamera som webkamera?<\/p>\n\n\n\n<p>\u00b7&nbsp;Hva m\u00e5 du ta hensyn til med lyskilder og omgivelser?<\/p>\n\n\n\n<p><\/p>\n\n\n\n<p><\/p>\n\n\n\n<figure class=\"wp-block-image size-large\"><a href=\"https:\/\/i0.wp.com\/bergstrom.guru\/wp-content\/uploads\/2022\/01\/laptop-g65cf3ec8b_1280.png?ssl=1\"><img data-recalc-dims=\"1\" loading=\"lazy\" decoding=\"async\" width=\"812\" height=\"538\" data-attachment-id=\"194\" data-permalink=\"https:\/\/bergstrom.guru\/index.php\/hjemmekontor\/laptop-g65cf3ec8b_1280\/\" data-orig-file=\"https:\/\/i0.wp.com\/bergstrom.guru\/wp-content\/uploads\/2022\/01\/laptop-g65cf3ec8b_1280.png?fit=1280%2C849&amp;ssl=1\" data-orig-size=\"1280,849\" data-comments-opened=\"1\" data-image-meta=\"{&quot;aperture&quot;:&quot;0&quot;,&quot;credit&quot;:&quot;&quot;,&quot;camera&quot;:&quot;&quot;,&quot;caption&quot;:&quot;&quot;,&quot;created_timestamp&quot;:&quot;0&quot;,&quot;copyright&quot;:&quot;&quot;,&quot;focal_length&quot;:&quot;0&quot;,&quot;iso&quot;:&quot;0&quot;,&quot;shutter_speed&quot;:&quot;0&quot;,&quot;title&quot;:&quot;&quot;,&quot;orientation&quot;:&quot;0&quot;}\" data-image-title=\"laptop-g65cf3ec8b_1280\" data-image-description=\"\" data-image-caption=\"\" data-medium-file=\"https:\/\/i0.wp.com\/bergstrom.guru\/wp-content\/uploads\/2022\/01\/laptop-g65cf3ec8b_1280.png?fit=300%2C199&amp;ssl=1\" data-large-file=\"https:\/\/i0.wp.com\/bergstrom.guru\/wp-content\/uploads\/2022\/01\/laptop-g65cf3ec8b_1280.png?fit=812%2C538&amp;ssl=1\" src=\"https:\/\/i0.wp.com\/bergstrom.guru\/wp-content\/uploads\/2022\/01\/laptop-g65cf3ec8b_1280.png?resize=812%2C538&#038;ssl=1\" alt=\"\" class=\"wp-image-194\" srcset=\"https:\/\/i0.wp.com\/bergstrom.guru\/wp-content\/uploads\/2022\/01\/laptop-g65cf3ec8b_1280.png?resize=1024%2C679&amp;ssl=1 1024w, https:\/\/i0.wp.com\/bergstrom.guru\/wp-content\/uploads\/2022\/01\/laptop-g65cf3ec8b_1280.png?resize=300%2C199&amp;ssl=1 300w, https:\/\/i0.wp.com\/bergstrom.guru\/wp-content\/uploads\/2022\/01\/laptop-g65cf3ec8b_1280.png?resize=768%2C509&amp;ssl=1 768w, https:\/\/i0.wp.com\/bergstrom.guru\/wp-content\/uploads\/2022\/01\/laptop-g65cf3ec8b_1280.png?w=1280&amp;ssl=1 1280w\" sizes=\"auto, (max-width: 812px) 100vw, 812px\" \/><\/a><figcaption>I kursopplegget brukes Zoom videokonferansel\u00f8sning dersom ikke annet er avtalt, men om \u00f8nskelig kan det ogs\u00e5 velges Google Meet, Teams, WebEx eller noen av de andre systemene som er p\u00e5 markedet. Det vil bli en kort gjennomgang av ulikhetene ved de ulike systemene<\/figcaption><\/figure>\n\n\n\n<p class=\"has-white-color has-vivid-cyan-blue-background-color has-text-color has-background has-medium-font-size\"><strong>Hvordan holder et foredrag eller en presentasjon over nett? <\/strong><\/p>\n\n\n\n<p>\u00b7&nbsp;Hva er forskjellen p\u00e5 videokonferanse og webinar?<\/p>\n\n\n\n<p>\u00b7&nbsp;Hvordan kan jeg streame et foredrag til mange p\u00e5 Facebook, Youtube eller en annen plattform?<\/p>\n\n\n\n<p>\u00b7&nbsp;Hvordan skaffer jeg min egen Youtube-kanal?<\/p>\n\n\n\n<p>\u00b7&nbsp;Hva er forskjellen p\u00e5 \u00e5 ha 20 deltagere\/tilh\u00f8rere eller over 100 deltagere?<\/p>\n\n\n\n<p>\u00b7&nbsp;Hvordan kan jeg dele skjerm og veksle mellom bilder, video og presentasjoner?<\/p>\n\n\n\n<p><\/p>\n\n\n\n<p><\/p>\n\n\n\n<figure class=\"wp-block-image size-large\"><a href=\"https:\/\/i0.wp.com\/bergstrom.guru\/wp-content\/uploads\/2022\/01\/Skjermbilde_obs.jpg?ssl=1\"><img data-recalc-dims=\"1\" loading=\"lazy\" decoding=\"async\" width=\"812\" height=\"457\" data-attachment-id=\"192\" data-permalink=\"https:\/\/bergstrom.guru\/index.php\/hjemmekontor\/skjermbilde_obs\/\" data-orig-file=\"https:\/\/i0.wp.com\/bergstrom.guru\/wp-content\/uploads\/2022\/01\/Skjermbilde_obs.jpg?fit=2560%2C1440&amp;ssl=1\" data-orig-size=\"2560,1440\" data-comments-opened=\"1\" data-image-meta=\"{&quot;aperture&quot;:&quot;0&quot;,&quot;credit&quot;:&quot;Roald Bergstrom&quot;,&quot;camera&quot;:&quot;&quot;,&quot;caption&quot;:&quot;&quot;,&quot;created_timestamp&quot;:&quot;1642963032&quot;,&quot;copyright&quot;:&quot;&quot;,&quot;focal_length&quot;:&quot;0&quot;,&quot;iso&quot;:&quot;0&quot;,&quot;shutter_speed&quot;:&quot;0&quot;,&quot;title&quot;:&quot;&quot;,&quot;orientation&quot;:&quot;0&quot;}\" data-image-title=\"Skjermbilde_obs\" data-image-description=\"\" data-image-caption=\"\" data-medium-file=\"https:\/\/i0.wp.com\/bergstrom.guru\/wp-content\/uploads\/2022\/01\/Skjermbilde_obs.jpg?fit=300%2C169&amp;ssl=1\" data-large-file=\"https:\/\/i0.wp.com\/bergstrom.guru\/wp-content\/uploads\/2022\/01\/Skjermbilde_obs.jpg?fit=812%2C457&amp;ssl=1\" src=\"https:\/\/i0.wp.com\/bergstrom.guru\/wp-content\/uploads\/2022\/01\/Skjermbilde_obs.jpg?resize=812%2C457&#038;ssl=1\" alt=\"\" class=\"wp-image-192\" srcset=\"https:\/\/i0.wp.com\/bergstrom.guru\/wp-content\/uploads\/2022\/01\/Skjermbilde_obs.jpg?resize=1024%2C576&amp;ssl=1 1024w, https:\/\/i0.wp.com\/bergstrom.guru\/wp-content\/uploads\/2022\/01\/Skjermbilde_obs.jpg?resize=300%2C169&amp;ssl=1 300w, https:\/\/i0.wp.com\/bergstrom.guru\/wp-content\/uploads\/2022\/01\/Skjermbilde_obs.jpg?resize=768%2C432&amp;ssl=1 768w, https:\/\/i0.wp.com\/bergstrom.guru\/wp-content\/uploads\/2022\/01\/Skjermbilde_obs.jpg?resize=1536%2C864&amp;ssl=1 1536w, https:\/\/i0.wp.com\/bergstrom.guru\/wp-content\/uploads\/2022\/01\/Skjermbilde_obs.jpg?resize=2048%2C1152&amp;ssl=1 2048w, https:\/\/i0.wp.com\/bergstrom.guru\/wp-content\/uploads\/2022\/01\/Skjermbilde_obs.jpg?w=1624&amp;ssl=1 1624w, https:\/\/i0.wp.com\/bergstrom.guru\/wp-content\/uploads\/2022\/01\/Skjermbilde_obs.jpg?w=2436&amp;ssl=1 2436w\" sizes=\"auto, (max-width: 812px) 100vw, 812px\" \/><\/a><figcaption>Med OBS kan du blande bilder, videoer fra flere kilder samt tekst og presentasjoner<\/figcaption><\/figure>\n\n\n\n<p class=\"has-white-color has-vivid-cyan-blue-background-color has-text-color has-background has-medium-font-size\"><strong>Hvordan g\u00e5 fra enkel bruk til mer avanserte presentasjoner?<\/strong><\/p>\n\n\n\n<p>\u00b7&nbsp;Hvordan lager jeg avanserte presentasjoner med flerkameral\u00f8sning og mulighet for bilder og tekst med veksling mellom de ulike kildene?<\/p>\n\n\n\n<p>\u00b7&nbsp;Bruk av OBS (Open Broadcast System) for \u00e5 lage, lagre eller streame en profesjonell presentasjon<\/p>\n\n\n\n<p>\u00b7&nbsp;Hvordan kan du kombinere OBS med et videokonferansesystem?<\/p>\n\n\n\n<p>\u00b7&nbsp;Hvordan lage video av en PowerPoint-presentasjon?<\/p>\n\n\n\n<p>\u00b7&nbsp;Hvordan bruke OpenShot videoredigeringsverkt\u00f8y til \u00e5 lage en presentasjon og vise den ved hjelp av Zoom eller streaming?<\/p>\n\n\n\n<p>\u00b7&nbsp;Hva kan du bruke en <em>greenscreen<\/em> til?<\/p>\n\n\n\n<p><\/p>\n\n\n\n<figure class=\"wp-block-image size-large\"><a href=\"https:\/\/i0.wp.com\/bergstrom.guru\/wp-content\/uploads\/2022\/01\/home-office-g92044a44a_1920.jpg?ssl=1\"><img data-recalc-dims=\"1\" loading=\"lazy\" decoding=\"async\" width=\"812\" height=\"534\" data-attachment-id=\"193\" data-permalink=\"https:\/\/bergstrom.guru\/index.php\/hjemmekontor\/home-office-g92044a44a_1920\/\" data-orig-file=\"https:\/\/i0.wp.com\/bergstrom.guru\/wp-content\/uploads\/2022\/01\/home-office-g92044a44a_1920.jpg?fit=1920%2C1263&amp;ssl=1\" data-orig-size=\"1920,1263\" data-comments-opened=\"1\" data-image-meta=\"{&quot;aperture&quot;:&quot;0&quot;,&quot;credit&quot;:&quot;&quot;,&quot;camera&quot;:&quot;&quot;,&quot;caption&quot;:&quot;&quot;,&quot;created_timestamp&quot;:&quot;0&quot;,&quot;copyright&quot;:&quot;&quot;,&quot;focal_length&quot;:&quot;0&quot;,&quot;iso&quot;:&quot;0&quot;,&quot;shutter_speed&quot;:&quot;0&quot;,&quot;title&quot;:&quot;&quot;,&quot;orientation&quot;:&quot;0&quot;}\" data-image-title=\"home-office-g92044a44a_1920\" data-image-description=\"\" data-image-caption=\"\" data-medium-file=\"https:\/\/i0.wp.com\/bergstrom.guru\/wp-content\/uploads\/2022\/01\/home-office-g92044a44a_1920.jpg?fit=300%2C197&amp;ssl=1\" data-large-file=\"https:\/\/i0.wp.com\/bergstrom.guru\/wp-content\/uploads\/2022\/01\/home-office-g92044a44a_1920.jpg?fit=812%2C534&amp;ssl=1\" src=\"https:\/\/i0.wp.com\/bergstrom.guru\/wp-content\/uploads\/2022\/01\/home-office-g92044a44a_1920.jpg?resize=812%2C534&#038;ssl=1\" alt=\"\" class=\"wp-image-193\" srcset=\"https:\/\/i0.wp.com\/bergstrom.guru\/wp-content\/uploads\/2022\/01\/home-office-g92044a44a_1920.jpg?resize=1024%2C674&amp;ssl=1 1024w, https:\/\/i0.wp.com\/bergstrom.guru\/wp-content\/uploads\/2022\/01\/home-office-g92044a44a_1920.jpg?resize=300%2C197&amp;ssl=1 300w, https:\/\/i0.wp.com\/bergstrom.guru\/wp-content\/uploads\/2022\/01\/home-office-g92044a44a_1920.jpg?resize=768%2C505&amp;ssl=1 768w, https:\/\/i0.wp.com\/bergstrom.guru\/wp-content\/uploads\/2022\/01\/home-office-g92044a44a_1920.jpg?resize=1536%2C1010&amp;ssl=1 1536w, https:\/\/i0.wp.com\/bergstrom.guru\/wp-content\/uploads\/2022\/01\/home-office-g92044a44a_1920.jpg?w=1920&amp;ssl=1 1920w, https:\/\/i0.wp.com\/bergstrom.guru\/wp-content\/uploads\/2022\/01\/home-office-g92044a44a_1920.jpg?w=1624&amp;ssl=1 1624w\" sizes=\"auto, (max-width: 812px) 100vw, 812px\" \/><\/a><figcaption>Dersom du skal holde en presentasjon for mange s\u00e5 er det lurt \u00e5 kunne noen ekstra tricks!<\/figcaption><\/figure>\n\n\n\n<p class=\"has-white-color has-vivid-cyan-blue-background-color has-text-color has-background\"><strong>Videreg\u00e5ende: Avansert bruk for foredrag og presentasjoner <\/strong><\/p>\n\n\n\n<p>\u00b7&nbsp;Her vil vi g\u00e5 n\u00e6rmere inn p\u00e5 hvordan du kan bruke verkt\u00f8y som OBS i kombinasjon med et videokonferansesystem. Dersom du regelmessig holder foredrag og \u00f8nsker \u00e5 l\u00e6re mer om dette s\u00e5 kan du melde deg p\u00e5 dette videreg\u00e5ende kurset.<\/p>\n\n\n\n<p>\u00b7&nbsp;Bruk av flerkameral\u00f8sning<\/p>\n\n\n\n<p>\u00b7&nbsp;Bruk av OBS sammen med Zoom slik at du kan blande video med PowerPoint, Youtube og annet digitalt innhold<\/p>\n\n\n\n<p>\u00b7&nbsp;Oppsett og bruk av streamdeck for \u00e5 enkel kontroll av innhold som skal vises<\/p>\n\n\n\n<p><\/p>\n\n\n\n<p class=\"has-vivid-cyan-blue-color has-text-color has-medium-font-size\"><strong>Forkunnskaper<\/strong><\/p>\n\n\n\n<p>Kursene krever at du er motivert for \u00e5 bli bedre p\u00e5 hjemmekontoret og l\u00e6re deg en del nyttige triks og bruk av verkt\u00f8y for \u00e5 bli bedre. Dersom du har litt erfaring fra bruk av videokonferanser fra tidligere er det en fordel.<\/p>\n\n\n\n<p><\/p>\n\n\n\n<p class=\"has-vivid-cyan-blue-color has-text-color has-medium-font-size\"><strong>N\u00f8dvendig utstyr<\/strong><\/p>\n\n\n\n<p>Det eneste du trenger for \u00e5 bli med er en PC. All programvare utenom selve videokonferansesystemet er <em>open source<\/em> og fritt tilgjengelig og fungerer b\u00e5de p\u00e5 PC med Windows, MacOS eller Linux. Selve kurset vil bli gjennomf\u00f8rt over Zoom, men en annen plattform kan avtales dersom dere er et firma eller organisasjon som bruker en annen l\u00f8sning.<\/p>\n\n\n\n<p>Du kan velge om du vil bruke Mac eller en Windows-PC<\/p>\n\n\n\n<p>Dersom vi vil bli mer avansert eller h\u00f8yne kvaliteten kan det fordre at du m\u00e5 ha et bedre kamera, lys og eventuelt et streamdeck for \u00e5 kunne veksle enkelt mellom bildekilder<\/p>\n\n\n\n<p class=\"has-vivid-cyan-blue-color has-text-color has-medium-font-size\"><strong>Kursopplegg tilpasset din hverdag<\/strong><\/p>\n\n\n\n<p>Kursinndelingen i mindre bolker p\u00e5 maks 1 time gj\u00f8r det enkelt \u00e5 ta kurset i en travel hverdag p\u00e5 jobben. Som et ekstra tilbud blir ogs\u00e5 kursene satt opp p\u00e5 kveldstid fra kl 21.00 slik at du kan ta de etter at dagens gj\u00f8rem\u00e5l er ferdig.<\/p>\n\n\n\n<p>P\u00e5 foresp\u00f8rsel kan kurset arrangeres som et samlet heldagskurs p\u00e5 et fysisk sted.<\/p>\n\n\n\n<p><\/p>\n\n\n\n<p class=\"has-vivid-cyan-blue-color has-text-color has-medium-font-size\"><strong>Kursleder<\/strong><\/p>\n\n\n\n<p>Hovedkursleder er Roald Bergstr\u00f8m. Jeg her jobbet med IT og data i mange \u00e5r b\u00e5de som it-sjef og seniorr\u00e5dgiver i store organisasjoner og n\u00e5 l\u00e6rer jeg bort mine beste triks til deg slik at du kan fungere bedre fra hjemmekontoret.<\/p>\n\n\n\n<p><\/p>\n\n\n\n<p class=\"has-vivid-cyan-blue-color has-text-color has-medium-font-size\"><strong>P\u00e5melding<\/strong><\/p>\n\n\n\n<p>Her er link til p\u00e5melding.<\/p>\n\n\n\n<p class=\"has-large-font-size\"><a href=\"https:\/\/forms.office.com\/Pages\/ResponsePage.aspx?id=DQSIkWdsW0yxEjajBLZtrQAAAAAAAAAAAAEbyDMtnjBUQzNQMlJVTTgzRDBVME9HMUlHMzFORkQ3Vy4u\" target=\"_blank\"  rel=\"nofollow\" ><strong>P\u00e5melding<\/strong><\/a><\/p>\n\n\n\n<p><\/p>\n\n\n\n<p><\/p>\n\n\n\n<p>Dersom dere et firma eller organisasjon som \u00f8nsker et eget opplegg s\u00e5 kan dere ta kontakt gjennom p\u00e5meldingsskjemaet eller eventuelt direkte p\u00e5 telefon til 93435094.<\/p>\n\n\n","protected":false},"excerpt":{"rendered":"<p>Bli bedre p\u00e5 digital kommunikasjon fra hjemmekontoret! Velkommen til \u00e5 f\u00f8lge mine kurs for \u00e5 bli bedre p\u00e5 videokonferanse, foredrag og hjemmekontor. L\u00e6r mer om de ulike l\u00f8sningene som finnes og spesielt hvordan du g\u00e5r fra de enkle l\u00f8sningene til \u00e5 bli mer avansert og kan holde foredrag eller webinar over nett hvor du kombinerer [&hellip;]<\/p>\n","protected":false},"author":1,"featured_media":0,"parent":0,"menu_order":0,"comment_status":"closed","ping_status":"closed","template":"","meta":{"zakra_sidebar_layout":"centered","zakra_remove_content_margin":false,"zakra_sidebar":"customizer","zakra_transparent_header":"customizer","zakra_logo":0,"zakra_main_header_style":"default","zakra_menu_item_color":"","zakra_menu_item_hover_color":"","zakra_menu_item_active_color":"","zakra_menu_active_style":"","zakra_page_header":true,"jetpack_post_was_ever_published":false,"footnotes":""},"class_list":["post-158","page","type-page","status-publish","hentry"],"jetpack_sharing_enabled":true,"jetpack_shortlink":"https:\/\/wp.me\/P6iFfZ-2y","jetpack_likes_enabled":true,"jetpack-related-posts":[],"_links":{"self":[{"href":"https:\/\/bergstrom.guru\/index.php\/wp-json\/wp\/v2\/pages\/158","targetHints":{"allow":["GET"]}}],"collection":[{"href":"https:\/\/bergstrom.guru\/index.php\/wp-json\/wp\/v2\/pages"}],"about":[{"href":"https:\/\/bergstrom.guru\/index.php\/wp-json\/wp\/v2\/types\/page"}],"author":[{"embeddable":true,"href":"https:\/\/bergstrom.guru\/index.php\/wp-json\/wp\/v2\/users\/1"}],"replies":[{"embeddable":true,"href":"https:\/\/bergstrom.guru\/index.php\/wp-json\/wp\/v2\/comments?post=158"}],"version-history":[{"count":12,"href":"https:\/\/bergstrom.guru\/index.php\/wp-json\/wp\/v2\/pages\/158\/revisions"}],"predecessor-version":[{"id":231,"href":"https:\/\/bergstrom.guru\/index.php\/wp-json\/wp\/v2\/pages\/158\/revisions\/231"}],"wp:attachment":[{"href":"https:\/\/bergstrom.guru\/index.php\/wp-json\/wp\/v2\/media?parent=158"}],"curies":[{"name":"wp","href":"https:\/\/api.w.org\/{rel}","templated":true}]}}