{"id":2,"date":"2015-06-05T12:57:02","date_gmt":"2015-06-05T12:57:02","guid":{"rendered":"http:\/\/bergstrom.guru\/?page_id=2"},"modified":"2022-02-01T23:55:38","modified_gmt":"2022-02-01T23:55:38","slug":"sample-page","status":"publish","type":"page","link":"https:\/\/bergstrom.guru\/","title":{"rendered":"Velkommen"},"content":{"rendered":"<div class=\"ccm-page page-template-full\">\n<div class=\"ccm-custom-style-pagefooter\">\n<div class=\"container\">\n<div class=\"row\">\n<p><strong><em>Velkommen til Bergstrom Consult!<\/em><\/strong><\/p>\n<p>Etter \u00e5 ha jobbet i privat- og offentlig virksomhet i mange \u00e5r er jeg blitt selvstendig konsulent med kontor p\u00e5 Verdal. Jeg tar oppdrag innenfor de ulike omr\u00e5der som jeg kompetanse og erfaring fra.<\/p>\n<p><strong>Arkitektur og bygg<\/strong><br \/>Jer har utdanning som husbyggingsingeni\u00f8r fra Ingeni\u00f8rh\u00f8yskole (TTS) og som\u00a0sivilarkitekt fra NTNU (NTH) samt at jeg har etterutdannelse i datafag fra NTNU\/NTH. I de f\u00f8rste \u00e5rene av mitt yrkesaktive liv jobbet jeg innenfor bygg, arkitektur, planlegging og prosjektledelse<\/p>\n<p><strong>Helseteknologi, ehelse og ikt<\/strong><br \/>Tidlig i min yrkeskarriere skiftet jeg fra arkitektur og bygg til ikt og helse. Etter at jeg tok etterutdanning innen IKT s\u00e5 har jeg bare jobbet innenfor IKT-omr\u00e5det. F\u00f8rst som forsker ved SINTEF i Trondheim og senere i andre private og offentlige stillinger. En tilfeldighet f\u00f8rte meg i kontakt med helsevesenet og i 1994 ble jeg ansatt som IKT-sjef p\u00e5 sykehus. Jeg har derfor lang erfaring med helseinformatikk og helseteknologi fra sykehus, som seniorr\u00e5dgiver i KITH AS og seniorr\u00e5dgiver\/prosjektleder i Helsedirektoratet.<\/p>\n<p><strong>Prosjektledelse<\/strong><br \/>I alle mine jobber har jeg jobbet med prosjektledelse av b\u00e5de sm\u00e5 og store prosjekter, nasjonalt s\u00e5 vel som internasjonalt. Jeg har ogs\u00e5 ledet et norsk nettverk for \u00e5 hjelpe norske helseteknologibedrifter ut i verden.<\/p>\n<p><strong>Internasjonalt<\/strong><br \/>I min jobb har jeg v\u00e6rt s\u00e5 heldig \u00e5 ha hatt prosjekter og samarbeid med ledende industribedrifter, sykehus og forskningsinstitusjoner i en rekke land i verden som Danmark, Sverige, Finland, Estland, Litauen, Frankrike, Nederland, Belgia, Bulgaria, Tyskland, Italia, Spania, Portugal, Hellas, USA, Kina og Japan. Jeg har derfor en betydelig internasjonal erfaring og kontakter internasjonalt. I mange \u00e5r har jeg ogs\u00e5 v\u00e6rt norsk akkreditert ekspert til internasjonal standardisering innenfor CEN (The European Committee for Standardization) og ISO (International Organization for Standardization).<\/p>\n<p><strong><em>Ta kontakt dersom du trenger hjelp innenfor de omr\u00e5der som jeg har kompetanse og erfaring fra!<\/em><\/strong><\/p>\n<p><em>\u00d8nsker du \u00e5 bli bedre p\u00e5 hjemmekontoret s\u00e5 kan du f\u00f8lge et av mine kurs for \u00e5 bli bedre i digital kommunikasjon fra hjemmekontor. Kurset er basert p\u00e5 mange \u00e5rs erfaring fra eget hjemmekontor og n\u00e5 l\u00e6rer jeg bort mine beste tricks!<\/em><\/p>\n<hr \/>\n<p>Ny teknologi og hvordan vi kan bruke denne teknologien til det beste for mennesket og samfunnet er det som opptar meg mest. Helsevesenet st\u00e5r foran store endringer hvor teknologien kommer n\u00e6rmere pasienten og hvor pasienten selv f\u00e5r bedre tilgang til sine helsedata. Vi g\u00e5r fra et reparerende helsevesen hvor pasient kommer til behandling f\u00f8rst n\u00e5r han\/hun er syk eller skadet til et helsevesen hvor du kan monitorere og analyser viktige helsedata tidlig slik at tiltak og behandling kan settes inn f\u00f8r det alvorlige skjer. Dette vil kunne gi oss alle et tryggere og bedre liv og det vil \u00e5pne for nye innovasjoner og n\u00e6ringsutvikling.<\/p>\n<\/div>\n<\/div>\n<div class=\"container\">\n<div class=\"row\">\n<div class=\"col-sm-12\"><span style=\"font-size: 12pt;\"><span style=\"font-size: 12pt;\"><br \/><\/span><\/span>\n<p>\u00a0<\/p>\n<hr \/>\n<blockquote>\n<h6 id=\"h_4336915221640719465840\"><span style=\"text-decoration: underline;\"><em><span style=\"font-family: verdana, geneva, sans-serif; font-size: 10pt;\">Blogger:<\/span><\/em><\/span><span style=\"font-family: verdana, geneva, sans-serif; font-size: 10pt;\"><a href=\"https:\/\/www.facebook.com\/groups\/mHealthgroup\/\" data-concrete5-link-type=\"image\" target=\"_blank\"  rel=\"nofollow\" ><br \/><\/a><\/span><strong><span style=\"font-family: arial, helvetica, sans-serif;\">Norges st\u00f8rste FB-gruppe innenfor ehelse og helseteknolog:\u00a0 <a href=\"https:\/\/www.facebook.com\/groups\/mHealthgroup\/\" data-concrete5-link-type=\"image\" data-wplink-edit=\"true\" target=\"_blank\"  rel=\"nofollow\" >Helse<\/a><\/span><\/strong><\/h6>\n<h6><strong>FB-gruppen for Arkitektur&amp;Design: <a href=\"https:\/\/www.facebook.com\/groups\/arkitekturogdesign\" target=\"_blank\"  rel=\"nofollow\" >Arkitektur<\/a><\/strong><\/h6>\n<h6><strong><span style=\"font-family: arial, helvetica, sans-serif;\">Den internasjonale gruppen p\u00e5 LinkEdIn for\u00a0 eHelse og mHelsegruppe: <a href=\"https:\/\/www.linkedin.com\/groups?mostRecent=&amp;gid=1848588&amp;trk=my_groups-tile-flipgrp\" data-concrete5-link-type=\"image\" target=\"_blank\"  rel=\"nofollow\" >LinkedIN<\/a><\/span><\/strong><\/h6>\n<\/blockquote>\n<\/div>\n<\/div>\n<\/div>\n<\/div>\n<\/div>\n<p><a href=\"#h_4336915221640719465840\" target=\"_blank\"  rel=\"nofollow\" ><img data-recalc-dims=\"1\" loading=\"lazy\" decoding=\"async\" data-attachment-id=\"110\" data-permalink=\"https:\/\/bergstrom.guru\/index.php\/sample-page\/logo_for_linkedin\/\" data-orig-file=\"https:\/\/i0.wp.com\/bergstrom.guru\/wp-content\/uploads\/2015\/06\/Logo_for_linkedin.gif?fit=698%2C259&amp;ssl=1\" data-orig-size=\"698,259\" data-comments-opened=\"1\" data-image-meta=\"{&quot;aperture&quot;:&quot;0&quot;,&quot;credit&quot;:&quot;&quot;,&quot;camera&quot;:&quot;&quot;,&quot;caption&quot;:&quot;&quot;,&quot;created_timestamp&quot;:&quot;0&quot;,&quot;copyright&quot;:&quot;&quot;,&quot;focal_length&quot;:&quot;0&quot;,&quot;iso&quot;:&quot;0&quot;,&quot;shutter_speed&quot;:&quot;0&quot;,&quot;title&quot;:&quot;&quot;,&quot;orientation&quot;:&quot;0&quot;}\" data-image-title=\"Logo_for_linkedin\" data-image-description=\"\" data-image-caption=\"\" data-medium-file=\"https:\/\/i0.wp.com\/bergstrom.guru\/wp-content\/uploads\/2015\/06\/Logo_for_linkedin.gif?fit=300%2C111&amp;ssl=1\" data-large-file=\"https:\/\/i0.wp.com\/bergstrom.guru\/wp-content\/uploads\/2015\/06\/Logo_for_linkedin.gif?fit=698%2C259&amp;ssl=1\" class=\"alignnone wp-image-110 \" src=\"https:\/\/i0.wp.com\/bergstrom.guru\/wp-content\/uploads\/2015\/06\/Logo_for_linkedin.gif?resize=812%2C301&#038;ssl=1\" alt=\"Logo_for_linkedin\" width=\"812\" height=\"301\" \/><\/a><\/p>\n\n","protected":false},"excerpt":{"rendered":"<p>Velkommen til Bergstrom Consult! Etter \u00e5 ha jobbet i privat- og offentlig virksomhet i mange \u00e5r er jeg blitt selvstendig konsulent med kontor p\u00e5 Verdal. Jeg tar oppdrag innenfor de ulike omr\u00e5der som jeg kompetanse og erfaring fra. Arkitektur og byggJer har utdanning som husbyggingsingeni\u00f8r fra Ingeni\u00f8rh\u00f8yskole (TTS) og som\u00a0sivilarkitekt fra NTNU (NTH) samt at [&hellip;]<\/p>\n","protected":false},"author":1,"featured_media":0,"parent":0,"menu_order":0,"comment_status":"closed","ping_status":"closed","template":"","meta":{"zakra_sidebar_layout":"right","zakra_remove_content_margin":false,"zakra_sidebar":"customizer","zakra_transparent_header":"customizer","zakra_logo":0,"zakra_main_header_style":"default","zakra_menu_item_color":"","zakra_menu_item_hover_color":"","zakra_menu_item_active_color":"","zakra_menu_active_style":"","zakra_page_header":true,"jetpack_post_was_ever_published":false,"footnotes":""},"class_list":["post-2","page","type-page","status-publish","hentry"],"jetpack_sharing_enabled":true,"jetpack_shortlink":"https:\/\/wp.me\/P6iFfZ-2","jetpack_likes_enabled":true,"jetpack-related-posts":[],"_links":{"self":[{"href":"https:\/\/bergstrom.guru\/index.php\/wp-json\/wp\/v2\/pages\/2","targetHints":{"allow":["GET"]}}],"collection":[{"href":"https:\/\/bergstrom.guru\/index.php\/wp-json\/wp\/v2\/pages"}],"about":[{"href":"https:\/\/bergstrom.guru\/index.php\/wp-json\/wp\/v2\/types\/page"}],"author":[{"embeddable":true,"href":"https:\/\/bergstrom.guru\/index.php\/wp-json\/wp\/v2\/users\/1"}],"replies":[{"embeddable":true,"href":"https:\/\/bergstrom.guru\/index.php\/wp-json\/wp\/v2\/comments?post=2"}],"version-history":[{"count":36,"href":"https:\/\/bergstrom.guru\/index.php\/wp-json\/wp\/v2\/pages\/2\/revisions"}],"predecessor-version":[{"id":270,"href":"https:\/\/bergstrom.guru\/index.php\/wp-json\/wp\/v2\/pages\/2\/revisions\/270"}],"wp:attachment":[{"href":"https:\/\/bergstrom.guru\/index.php\/wp-json\/wp\/v2\/media?parent=2"}],"curies":[{"name":"wp","href":"https:\/\/api.w.org\/{rel}","templated":true}]}}